{"id":5957,"date":"2023-12-25T01:06:03","date_gmt":"2023-12-25T00:06:03","guid":{"rendered":"https:\/\/www.carsalis.com\/?page_id=5957"},"modified":"2023-12-25T01:06:52","modified_gmt":"2023-12-25T00:06:52","slug":"foire-aux-questions-faq-carsalis","status":"publish","type":"page","link":"https:\/\/www.carsalis.com\/fr\/foire-aux-questions-faq-carsalis\/","title":{"rendered":"Foire Aux Questions (FAQ) &#8211; CARSALIS"},"content":{"rendered":"<div data-elementor-type=\"wp-page\" data-elementor-id=\"5957\" class=\"elementor elementor-5957\" data-elementor-post-type=\"page\">\n\t\t\t\t\t\t\t<div class=\"elementor-element elementor-element-326046fa e-flex e-con-boxed e-con e-parent\" data-id=\"326046fa\" data-element_type=\"container\" data-settings=\"{&quot;container_type&quot;:&quot;flex&quot;,&quot;content_width&quot;:&quot;boxed&quot;}\" data-core-v316-plus=\"true\">\n\t\t\t\t\t<div class=\"e-con-inner\">\n\t\t\t\t<div class=\"elementor-element elementor-element-13f32465 elementor-widget elementor-widget-text-editor\" data-id=\"13f32465\" data-element_type=\"widget\" data-widget_type=\"text-editor.default\">\n\t\t\t\t<div class=\"elementor-widget-container\">\n\t\t\t<style>\/*! elementor - v3.18.0 - 08-12-2023 *\/\n.elementor-widget-text-editor.elementor-drop-cap-view-stacked .elementor-drop-cap{background-color:#69727d;color:#fff}.elementor-widget-text-editor.elementor-drop-cap-view-framed .elementor-drop-cap{color:#69727d;border:3px solid;background-color:transparent}.elementor-widget-text-editor:not(.elementor-drop-cap-view-default) .elementor-drop-cap{margin-top:8px}.elementor-widget-text-editor:not(.elementor-drop-cap-view-default) .elementor-drop-cap-letter{width:1em;height:1em}.elementor-widget-text-editor .elementor-drop-cap{float:left;text-align:center;line-height:1;font-size:50px}.elementor-widget-text-editor .elementor-drop-cap-letter{display:inline-block}<\/style>\t\t\t\t<p><span style=\"color: #000000;\"><!-- wp:heading --><\/span><\/p>\n<h2 class=\"wp-block-heading\"><span style=\"color: #000000;\">1. Quels types de voitures proposez-vous \u00e0 la location?<\/span><\/h2>\n<p><span style=\"color: #000000;\"><!-- \/wp:heading --><!-- wp:paragraph --><\/span><\/p>\n<p><span style=\"color: #000000;\">Nous proposons une vari\u00e9t\u00e9 de v\u00e9hicules, y compris des voitures citadines, des berlines, des familiales et des 4&#215;4. Consultez notre flotte sur le site web pour d\u00e9couvrir toutes les options disponibles.<\/span><\/p>\n<p><span style=\"color: #000000;\"><!-- \/wp:paragraph --><!-- wp:heading --><\/span><\/p>\n<h2 class=\"wp-block-heading\"><span style=\"color: #000000;\">2. O\u00f9 \u00eates-vous situ\u00e9s?<\/span><\/h2>\n<p><span style=\"color: #000000;\"><!-- \/wp:heading --><!-- wp:paragraph --><\/span><\/p>\n<p><span style=\"color: #000000;\">CARSALIS est bas\u00e9 \u00e0 Agadir, au Maroc. Nous offrons \u00e9galement la livraison gratuite \u00e0 Agadir et dans les environs, ainsi que dans des endroits tels que Marrakech, Essaouira, la r\u00e9gion de Souss et Taroudant, que ce soit depuis l&#8217;h\u00f4tel, la gare ou l&#8217;a\u00e9roport.<\/span><\/p>\n<p><span style=\"color: #000000;\"><!-- \/wp:paragraph --><!-- wp:heading --><\/span><\/p>\n<h2 class=\"wp-block-heading\"><span style=\"color: #000000;\">3. Quelles sont les options suppl\u00e9mentaires disponibles?<\/span><\/h2>\n<p><span style=\"color: #000000;\"><!-- \/wp:heading --><!-- wp:paragraph --><\/span><\/p>\n<p><span style=\"color: #000000;\">Nous proposons des options telles que des si\u00e8ges de b\u00e9b\u00e9 et des barres de toit pour r\u00e9pondre \u00e0 vos besoins sp\u00e9cifiques. Vous pouvez s\u00e9lectionner ces options lors de votre r\u00e9servation en ligne ou lors du processus de demande de devis.<\/span><\/p>\n<p><span style=\"color: #000000;\"><!-- \/wp:paragraph --><!-- wp:heading --><\/span><\/p>\n<h2 class=\"wp-block-heading\"><span style=\"color: #000000;\">4. Comment puis-je r\u00e9server un v\u00e9hicule?<\/span><\/h2>\n<p><span style=\"color: #000000;\"><!-- \/wp:heading --><!-- wp:paragraph --><\/span><\/p>\n<p><span style=\"color: #000000;\">Vous pouvez r\u00e9server un v\u00e9hicule de plusieurs mani\u00e8res :<\/span><\/p>\n<p><span style=\"color: #000000;\"><!-- \/wp:paragraph --><!-- wp:list --><\/span><\/p>\n<ul><!-- wp:list-item -->\n<li><span style=\"color: #000000;\">En remplissant le formulaire de demande de devis sur notre site web carsalis.com.<\/span><\/li>\n<!-- \/wp:list-item --><!-- wp:list-item -->\n<li><span style=\"color: #000000;\">En envoyant un simple message via WhatsApp.<\/span><\/li>\n<!-- \/wp:list-item --><!-- wp:list-item -->\n<li><span style=\"color: #000000;\">En r\u00e9servant directement sur notre site web pour les cat\u00e9gories standard, ou en demandant un devis pour les cat\u00e9gories familiales et 4&#215;4.<\/span><\/li>\n<!-- \/wp:list-item --><\/ul>\n<p><span style=\"color: #000000;\"><!-- \/wp:list --><!-- wp:heading --><\/span><\/p>\n<h2 class=\"wp-block-heading\"><span style=\"color: #000000;\">5. La livraison est-elle gratuite?<\/span><\/h2>\n<p><span style=\"color: #000000;\"><!-- \/wp:heading --><!-- wp:paragraph --><\/span><\/p>\n<p><span style=\"color: #000000;\">Oui, la livraison est gratuite \u00e0 Agadir et dans les environs. Nous offrons \u00e9galement des services de livraison \u00e0 Marrakech, Essaouira, la r\u00e9gion de Souss, et Taroudant, que ce soit depuis l&#8217;h\u00f4tel, la gare ou l&#8217;a\u00e9roport.<\/span><\/p>\n<p><span style=\"color: #000000;\"><!-- \/wp:paragraph --><!-- wp:heading --><\/span><\/p>\n<h2 class=\"wp-block-heading\"><span style=\"color: #000000;\">6. Quels sont les modes de paiement accept\u00e9s?<\/span><\/h2>\n<p><span style=\"color: #000000;\"><!-- \/wp:heading --><!-- wp:paragraph --><\/span><\/p>\n<p><span style=\"color: #000000;\">Nous acceptons les paiements en ligne s\u00e9curis\u00e9s sur notre site web. De plus, vous avez la possibilit\u00e9 de r\u00e9gler votre location \u00e0 la livraison, que ce soit en esp\u00e8ces ou par carte de cr\u00e9dit.<\/span><\/p>\n<p><span style=\"color: #000000;\"><!-- \/wp:paragraph --><!-- wp:heading --><\/span><\/p>\n<h2 class=\"wp-block-heading\"><span style=\"color: #000000;\">7. Puis-je demander un devis?<\/span><\/h2>\n<p><span style=\"color: #000000;\"><!-- \/wp:heading --><!-- wp:paragraph --><\/span><\/p>\n<p><span style=\"color: #000000;\">Oui, vous pouvez demander un devis en remplissant le formulaire sur notre site web. Pour les cat\u00e9gories familiales et 4&#215;4, la r\u00e9servation se fait via un devis personnalis\u00e9.<\/span><\/p>\n<p><span style=\"color: #000000;\"><!-- \/wp:paragraph --><!-- wp:heading --><\/span><\/p>\n<h2 class=\"wp-block-heading\"><span style=\"color: #000000;\">8. Puis-je r\u00e9server par t\u00e9l\u00e9phone?<\/span><\/h2>\n<p><span style=\"color: #000000;\"><!-- \/wp:heading --><!-- wp:paragraph --><\/span><\/p>\n<p><span style=\"color: #000000;\">Oui, vous pouvez r\u00e9server par un simple message sur WhatsApp. Nous sommes \u00e9galement disponibles pour r\u00e9pondre \u00e0 toutes vos questions et vous aider dans le processus de r\u00e9servation.<\/span><\/p>\n<p><span style=\"color: #000000;\"><!-- \/wp:paragraph --><!-- wp:heading --><\/span><\/p>\n<h2 class=\"wp-block-heading\"><span style=\"color: #000000;\">9. Pourquoi les cat\u00e9gories familiales et 4&#215;4 ne peuvent-elles pas \u00eatre r\u00e9serv\u00e9es directement sur le site?<\/span><\/h2>\n<p><span style=\"color: #000000;\"><!-- \/wp:heading --><!-- wp:paragraph --><\/span><\/p>\n<p><span style=\"color: #000000;\">Cela est d\u00fb \u00e0 la personnalisation des devis pour ces cat\u00e9gories. Nous voulons nous assurer de r\u00e9pondre \u00e0 tous vos besoins sp\u00e9cifiques, c&#8217;est pourquoi nous pr\u00e9f\u00e9rons traiter les r\u00e9servations de ces cat\u00e9gories via un devis personnalis\u00e9.<\/span><\/p>\n<p><span style=\"color: #000000;\"><!-- \/wp:paragraph --><!-- wp:paragraph --><\/span><\/p>\n<p><span style=\"color: #000000;\">Pour toute autre question, n&#8217;h\u00e9sitez pas \u00e0 nous contacter. Nous sommes l\u00e0 pour rendre votre exp\u00e9rience de location de voiture chez CARSALIS aussi facile et agr\u00e9able que possible !<\/span><\/p>\n<p><span style=\"color: #000000;\"><!-- \/wp:paragraph --><\/span><\/p>\t\t\t\t\t\t<\/div>\n\t\t\t\t<\/div>\n\t\t\t\t\t<\/div>\n\t\t\t\t<\/div>\n\t\t\t\t\t\t\t<\/div>","protected":false},"excerpt":{"rendered":"<p>1. Quels types de voitures proposez-vous \u00e0 la location? Nous proposons une vari\u00e9t\u00e9 de v\u00e9hicules, y compris des voitures citadines, des berlines, des familiales et des 4&#215;4. Consultez notre flotte sur le site web pour d\u00e9couvrir toutes les options disponibles. 2. O\u00f9 \u00eates-vous situ\u00e9s? CARSALIS est bas\u00e9 \u00e0 Agadir, au Maroc. Nous offrons \u00e9galement la [&hellip;]<\/p>","protected":false},"author":2,"featured_media":0,"parent":0,"menu_order":0,"comment_status":"closed","ping_status":"closed","template":"","meta":{"footnotes":""},"yoast_head":"<!-- This site is optimized with the Yoast SEO plugin v21.7 - https:\/\/yoast.com\/wordpress\/plugins\/seo\/ -->\n<title>Foire Aux Questions (FAQ) - CARSALIS - Carsalis<\/title>\n<meta name=\"robots\" content=\"index, follow, max-snippet:-1, max-image-preview:large, max-video-preview:-1\" \/>\n<link rel=\"canonical\" href=\"https:\/\/www.carsalis.com\/fr\/foire-aux-questions-faq-carsalis\/\" \/>\n<meta property=\"og:locale\" content=\"fr_CA\" \/>\n<meta property=\"og:type\" content=\"article\" \/>\n<meta property=\"og:title\" content=\"Foire Aux Questions (FAQ) - CARSALIS - Carsalis\" \/>\n<meta property=\"og:description\" content=\"1. Quels types de voitures proposez-vous \u00e0 la location? Nous proposons une vari\u00e9t\u00e9 de v\u00e9hicules, y compris des voitures citadines, des berlines, des familiales et des 4&#215;4. Consultez notre flotte sur le site web pour d\u00e9couvrir toutes les options disponibles. 2. O\u00f9 \u00eates-vous situ\u00e9s? CARSALIS est bas\u00e9 \u00e0 Agadir, au Maroc. Nous offrons \u00e9galement la [&hellip;]\" \/>\n<meta property=\"og:url\" content=\"https:\/\/www.carsalis.com\/fr\/foire-aux-questions-faq-carsalis\/\" \/>\n<meta property=\"og:site_name\" content=\"Carsalis\" \/>\n<meta property=\"article:modified_time\" content=\"2023-12-25T00:06:52+00:00\" \/>\n<meta name=\"twitter:card\" content=\"summary_large_image\" \/>\n<meta name=\"twitter:label1\" content=\"Estimation du temps de lecture\" \/>\n\t<meta name=\"twitter:data1\" content=\"3 minutes\" \/>\n<script type=\"application\/ld+json\" class=\"yoast-schema-graph\">{\"@context\":\"https:\/\/schema.org\",\"@graph\":[{\"@type\":\"WebPage\",\"@id\":\"https:\/\/www.carsalis.com\/foire-aux-questions-faq-carsalis\/\",\"url\":\"https:\/\/www.carsalis.com\/foire-aux-questions-faq-carsalis\/\",\"name\":\"Foire Aux Questions (FAQ) - CARSALIS - Carsalis\",\"isPartOf\":{\"@id\":\"https:\/\/www.carsalis.com\/#website\"},\"datePublished\":\"2023-12-25T00:06:03+00:00\",\"dateModified\":\"2023-12-25T00:06:52+00:00\",\"breadcrumb\":{\"@id\":\"https:\/\/www.carsalis.com\/foire-aux-questions-faq-carsalis\/#breadcrumb\"},\"inLanguage\":\"fr-CA\",\"potentialAction\":[{\"@type\":\"ReadAction\",\"target\":[\"https:\/\/www.carsalis.com\/foire-aux-questions-faq-carsalis\/\"]}]},{\"@type\":\"BreadcrumbList\",\"@id\":\"https:\/\/www.carsalis.com\/foire-aux-questions-faq-carsalis\/#breadcrumb\",\"itemListElement\":[{\"@type\":\"ListItem\",\"position\":1,\"name\":\"Accueil\",\"item\":\"https:\/\/www.carsalis.com\/\"},{\"@type\":\"ListItem\",\"position\":2,\"name\":\"Foire Aux Questions (FAQ) &#8211; CARSALIS\"}]},{\"@type\":\"WebSite\",\"@id\":\"https:\/\/www.carsalis.com\/#website\",\"url\":\"https:\/\/www.carsalis.com\/\",\"name\":\"Carsalis\",\"description\":\"Location de voitures\",\"potentialAction\":[{\"@type\":\"SearchAction\",\"target\":{\"@type\":\"EntryPoint\",\"urlTemplate\":\"https:\/\/www.carsalis.com\/?s={search_term_string}\"},\"query-input\":\"required name=search_term_string\"}],\"inLanguage\":\"fr-CA\"}]}<\/script>\n<!-- \/ Yoast SEO plugin. -->","yoast_head_json":{"title":"Foire Aux Questions (FAQ) - CARSALIS - Carsalis","robots":{"index":"index","follow":"follow","max-snippet":"max-snippet:-1","max-image-preview":"max-image-preview:large","max-video-preview":"max-video-preview:-1"},"canonical":"https:\/\/www.carsalis.com\/fr\/foire-aux-questions-faq-carsalis\/","og_locale":"fr_CA","og_type":"article","og_title":"Foire Aux Questions (FAQ) - CARSALIS - Carsalis","og_description":"1. Quels types de voitures proposez-vous \u00e0 la location? Nous proposons une vari\u00e9t\u00e9 de v\u00e9hicules, y compris des voitures citadines, des berlines, des familiales et des 4&#215;4. Consultez notre flotte sur le site web pour d\u00e9couvrir toutes les options disponibles. 2. O\u00f9 \u00eates-vous situ\u00e9s? CARSALIS est bas\u00e9 \u00e0 Agadir, au Maroc. Nous offrons \u00e9galement la [&hellip;]","og_url":"https:\/\/www.carsalis.com\/fr\/foire-aux-questions-faq-carsalis\/","og_site_name":"Carsalis","article_modified_time":"2023-12-25T00:06:52+00:00","twitter_card":"summary_large_image","twitter_misc":{"Estimation du temps de lecture":"3 minutes"},"schema":{"@context":"https:\/\/schema.org","@graph":[{"@type":"WebPage","@id":"https:\/\/www.carsalis.com\/foire-aux-questions-faq-carsalis\/","url":"https:\/\/www.carsalis.com\/foire-aux-questions-faq-carsalis\/","name":"Foire Aux Questions (FAQ) - CARSALIS - Carsalis","isPartOf":{"@id":"https:\/\/www.carsalis.com\/#website"},"datePublished":"2023-12-25T00:06:03+00:00","dateModified":"2023-12-25T00:06:52+00:00","breadcrumb":{"@id":"https:\/\/www.carsalis.com\/foire-aux-questions-faq-carsalis\/#breadcrumb"},"inLanguage":"fr-CA","potentialAction":[{"@type":"ReadAction","target":["https:\/\/www.carsalis.com\/foire-aux-questions-faq-carsalis\/"]}]},{"@type":"BreadcrumbList","@id":"https:\/\/www.carsalis.com\/foire-aux-questions-faq-carsalis\/#breadcrumb","itemListElement":[{"@type":"ListItem","position":1,"name":"Accueil","item":"https:\/\/www.carsalis.com\/"},{"@type":"ListItem","position":2,"name":"Foire Aux Questions (FAQ) &#8211; CARSALIS"}]},{"@type":"WebSite","@id":"https:\/\/www.carsalis.com\/#website","url":"https:\/\/www.carsalis.com\/","name":"Carsalis","description":"Location de voitures","potentialAction":[{"@type":"SearchAction","target":{"@type":"EntryPoint","urlTemplate":"https:\/\/www.carsalis.com\/?s={search_term_string}"},"query-input":"required name=search_term_string"}],"inLanguage":"fr-CA"}]}},"jetpack_sharing_enabled":true,"_links":{"self":[{"href":"https:\/\/www.carsalis.com\/fr\/wp-json\/wp\/v2\/pages\/5957"}],"collection":[{"href":"https:\/\/www.carsalis.com\/fr\/wp-json\/wp\/v2\/pages"}],"about":[{"href":"https:\/\/www.carsalis.com\/fr\/wp-json\/wp\/v2\/types\/page"}],"author":[{"embeddable":true,"href":"https:\/\/www.carsalis.com\/fr\/wp-json\/wp\/v2\/users\/2"}],"replies":[{"embeddable":true,"href":"https:\/\/www.carsalis.com\/fr\/wp-json\/wp\/v2\/comments?post=5957"}],"version-history":[{"count":4,"href":"https:\/\/www.carsalis.com\/fr\/wp-json\/wp\/v2\/pages\/5957\/revisions"}],"predecessor-version":[{"id":5961,"href":"https:\/\/www.carsalis.com\/fr\/wp-json\/wp\/v2\/pages\/5957\/revisions\/5961"}],"wp:attachment":[{"href":"https:\/\/www.carsalis.com\/fr\/wp-json\/wp\/v2\/media?parent=5957"}],"curies":[{"name":"wp","href":"https:\/\/api.w.org\/{rel}","templated":true}]}}