{"id":5952,"date":"2023-12-25T00:58:58","date_gmt":"2023-12-24T23:58:58","guid":{"rendered":"https:\/\/www.carsalis.com\/?page_id=5952"},"modified":"2023-12-25T01:00:55","modified_gmt":"2023-12-25T00:00:55","slug":"conditions-dutilisation","status":"publish","type":"page","link":"https:\/\/www.carsalis.com\/fr\/conditions-dutilisation\/","title":{"rendered":"Conditions d&#8217;Utilisation"},"content":{"rendered":"<div data-elementor-type=\"wp-page\" data-elementor-id=\"5952\" class=\"elementor elementor-5952\" data-elementor-post-type=\"page\">\n\t\t\t\t\t\t\t<div class=\"elementor-element elementor-element-293d102d e-flex e-con-boxed e-con e-parent\" data-id=\"293d102d\" data-element_type=\"container\" data-settings=\"{&quot;container_type&quot;:&quot;flex&quot;,&quot;content_width&quot;:&quot;boxed&quot;}\" data-core-v316-plus=\"true\">\n\t\t\t\t\t<div class=\"e-con-inner\">\n\t\t\t\t<div class=\"elementor-element elementor-element-ab82f1e elementor-widget elementor-widget-text-editor\" data-id=\"ab82f1e\" data-element_type=\"widget\" data-widget_type=\"text-editor.default\">\n\t\t\t\t<div class=\"elementor-widget-container\">\n\t\t\t<style>\/*! elementor - v3.18.0 - 08-12-2023 *\/\n.elementor-widget-text-editor.elementor-drop-cap-view-stacked .elementor-drop-cap{background-color:#69727d;color:#fff}.elementor-widget-text-editor.elementor-drop-cap-view-framed .elementor-drop-cap{color:#69727d;border:3px solid;background-color:transparent}.elementor-widget-text-editor:not(.elementor-drop-cap-view-default) .elementor-drop-cap{margin-top:8px}.elementor-widget-text-editor:not(.elementor-drop-cap-view-default) .elementor-drop-cap-letter{width:1em;height:1em}.elementor-widget-text-editor .elementor-drop-cap{float:left;text-align:center;line-height:1;font-size:50px}.elementor-widget-text-editor .elementor-drop-cap-letter{display:inline-block}<\/style>\t\t\t\t<p><span style=\"color: #000000;\"><!-- wp:paragraph --><\/span><\/p>\n<p><span style=\"color: #808080;\"><em>Mise \u00e0 jour le 25\/12\/2023<\/em><\/span><\/p>\n<p><span style=\"color: #000000;\">Bienvenue sur le site web de CARSALIS. En acc\u00e9dant \u00e0 ce site, vous acceptez de respecter les conditions d&#8217;utilisation \u00e9nonc\u00e9es ci-dessous. Veuillez les lire attentivement avant d&#8217;utiliser notre site.<\/span><\/p>\n<p><span style=\"color: #000000;\"><!-- \/wp:paragraph --><!-- wp:heading --><\/span><\/p>\n<h2 class=\"wp-block-heading\"><span style=\"color: #000000;\">1. Acceptation des Conditions<\/span><\/h2>\n<p><span style=\"color: #000000;\"><!-- \/wp:heading --><!-- wp:paragraph --><\/span><\/p>\n<p><span style=\"color: #000000;\">En utilisant le site web de CARSALIS, vous acceptez toutes les conditions \u00e9nonc\u00e9es dans les pr\u00e9sentes Conditions d&#8217;Utilisation. Si vous n&#8217;acceptez pas ces conditions, veuillez ne pas utiliser notre site.<\/span><\/p>\n<p><span style=\"color: #000000;\"><!-- \/wp:paragraph --><!-- wp:heading --><\/span><\/p>\n<h2 class=\"wp-block-heading\"><span style=\"color: #000000;\">2. Modifications des Conditions<\/span><\/h2>\n<p><span style=\"color: #000000;\"><!-- \/wp:heading --><!-- wp:paragraph --><\/span><\/p>\n<p><span style=\"color: #000000;\">CARSALIS se r\u00e9serve le droit de modifier, de mettre \u00e0 jour ou de supprimer des parties de ces Conditions d&#8217;Utilisation \u00e0 tout moment. Il est de votre responsabilit\u00e9 de v\u00e9rifier r\u00e9guli\u00e8rement ces modifications. L&#8217;utilisation continue du site apr\u00e8s la publication de modifications constitue votre acceptation de ces modifications.<\/span><\/p>\n<p><span style=\"color: #000000;\"><!-- \/wp:paragraph --><!-- wp:heading --><\/span><\/p>\n<h2 class=\"wp-block-heading\"><span style=\"color: #000000;\">3. Utilisation du Site<\/span><\/h2>\n<p><span style=\"color: #000000;\"><!-- \/wp:heading --><!-- wp:paragraph --><\/span><\/p>\n<p><span style=\"color: #000000;\">Vous vous engagez \u00e0 utiliser le site web de CARSALIS uniquement \u00e0 des fins l\u00e9gales et conform\u00e9ment \u00e0 ces Conditions d&#8217;Utilisation. Vous acceptez de ne pas utiliser le site de mani\u00e8re \u00e0 violer les lois locales, nationales ou internationales applicables.<\/span><\/p>\n<p><span style=\"color: #000000;\"><!-- \/wp:paragraph --><!-- wp:heading --><\/span><\/p>\n<h2 class=\"wp-block-heading\"><span style=\"color: #000000;\">4. Contenu du Site<\/span><\/h2>\n<p><span style=\"color: #000000;\"><!-- \/wp:heading --><!-- wp:paragraph --><\/span><\/p>\n<p><span style=\"color: #000000;\">Le contenu pr\u00e9sent sur le site de CARSALIS est fourni \u00e0 titre informatif. Nous nous r\u00e9servons le droit de modifier ou de supprimer ce contenu \u00e0 tout moment sans pr\u00e9avis.<\/span><\/p>\n<p><span style=\"color: #000000;\"><!-- \/wp:paragraph --><!-- wp:heading --><\/span><\/p>\n<h2 class=\"wp-block-heading\"><span style=\"color: #000000;\">5. Propri\u00e9t\u00e9 Intellectuelle<\/span><\/h2>\n<p><span style=\"color: #000000;\"><!-- \/wp:heading --><!-- wp:paragraph --><\/span><\/p>\n<p><span style=\"color: #000000;\">Le contenu, les logos, les images, les marques de commerce et autres \u00e9l\u00e9ments du site web de CARSALIS sont prot\u00e9g\u00e9s par des droits de propri\u00e9t\u00e9 intellectuelle. Vous acceptez de respecter ces droits et de ne pas copier, reproduire, distribuer ou cr\u00e9er des \u0153uvres d\u00e9riv\u00e9es bas\u00e9es sur notre contenu sans notre autorisation expresse.<\/span><\/p>\n<p><span style=\"color: #000000;\"><!-- \/wp:paragraph --><!-- wp:heading --><\/span><\/p>\n<h2 class=\"wp-block-heading\"><span style=\"color: #000000;\">6. Liens vers des Sites Tiers<\/span><\/h2>\n<p><span style=\"color: #000000;\"><!-- \/wp:heading --><!-- wp:paragraph --><\/span><\/p>\n<p><span style=\"color: #000000;\">Notre site peut contenir des liens vers des sites web tiers. Ces liens sont fournis pour votre commodit\u00e9, mais nous n&#8217;avons aucun contr\u00f4le sur le contenu de ces sites tiers. Nous ne sommes pas responsables du contenu ni des pratiques de confidentialit\u00e9 de ces sites. L&#8217;utilisation de ces liens est \u00e0 vos propres risques.<\/span><\/p>\n<p><span style=\"color: #000000;\"><!-- \/wp:paragraph --><!-- wp:heading --><\/span><\/p>\n<h2 class=\"wp-block-heading\"><span style=\"color: #000000;\">7. Limitation de Responsabilit\u00e9<\/span><\/h2>\n<p><span style=\"color: #000000;\"><!-- \/wp:heading --><!-- wp:paragraph --><\/span><\/p>\n<p><span style=\"color: #000000;\">CARSALIS ne garantit pas l&#8217;exactitude, l&#8217;exhaustivit\u00e9 ou la pertinence du contenu pr\u00e9sent sur son site. Nous d\u00e9clinons toute responsabilit\u00e9 quant aux erreurs ou omissions dans le contenu. L&#8217;utilisation du site est \u00e0 vos risques et p\u00e9rils, et CARSALIS ne sera pas responsable de tout dommage direct, indirect, cons\u00e9cutif ou accidentel r\u00e9sultant de votre acc\u00e8s ou de votre utilisation du site.<\/span><\/p>\n<p><span style=\"color: #000000;\"><!-- \/wp:paragraph --><!-- wp:heading --><\/span><\/p>\n<h2 class=\"wp-block-heading\"><span style=\"color: #000000;\">8. Droit Applicable et Juridiction<\/span><\/h2>\n<p><span style=\"color: #000000;\"><!-- \/wp:heading --><!-- wp:paragraph --><\/span><\/p>\n<p><span style=\"color: #000000;\">Ces Conditions d&#8217;Utilisation sont r\u00e9gies par les lois , sans \u00e9gard aux principes de conflit de lois. Tout litige d\u00e9coulant de ces Conditions d&#8217;Utilisation sera soumis \u00e0 la juridiction exclusive des tribunaux.<\/span><\/p>\n<p><span style=\"color: #000000;\"><!-- \/wp:paragraph --><!-- wp:paragraph --><\/span><\/p>\n<p><span style=\"color: #000000;\">Si vous avez des questions ou des pr\u00e9occupations concernant ces Conditions d&#8217;Utilisation, veuillez nous contacter \u00e0 l&#8217;adresse suivante <\/span><a href=\"mailto:Carsalis.loc@gmail.com\">Carsalis.loc@gmail.com.<\/a><\/p>\n<p><span style=\"color: #000000;\">.<\/span><\/p>\n<p><span style=\"color: #000000;\"><!-- \/wp:paragraph --><\/span><\/p>\t\t\t\t\t\t<\/div>\n\t\t\t\t<\/div>\n\t\t\t\t\t<\/div>\n\t\t\t\t<\/div>\n\t\t\t\t\t\t\t<\/div>","protected":false},"excerpt":{"rendered":"<p>Mise \u00e0 jour le 25\/12\/2023 Bienvenue sur le site web de CARSALIS. En acc\u00e9dant \u00e0 ce site, vous acceptez de respecter les conditions d&#8217;utilisation \u00e9nonc\u00e9es ci-dessous. Veuillez les lire attentivement avant d&#8217;utiliser notre site. 1. Acceptation des Conditions En utilisant le site web de CARSALIS, vous acceptez toutes les conditions \u00e9nonc\u00e9es dans les pr\u00e9sentes Conditions [&hellip;]<\/p>","protected":false},"author":2,"featured_media":0,"parent":0,"menu_order":0,"comment_status":"closed","ping_status":"closed","template":"","meta":{"footnotes":""},"yoast_head":"<!-- This site is optimized with the Yoast SEO plugin v21.7 - https:\/\/yoast.com\/wordpress\/plugins\/seo\/ -->\n<title>Conditions d&#039;Utilisation - Carsalis<\/title>\n<meta name=\"robots\" content=\"index, follow, max-snippet:-1, max-image-preview:large, max-video-preview:-1\" \/>\n<link rel=\"canonical\" href=\"https:\/\/www.carsalis.com\/fr\/conditions-dutilisation\/\" \/>\n<meta property=\"og:locale\" content=\"fr_CA\" \/>\n<meta property=\"og:type\" content=\"article\" \/>\n<meta property=\"og:title\" content=\"Conditions d&#039;Utilisation - Carsalis\" \/>\n<meta property=\"og:description\" content=\"Mise \u00e0 jour le 25\/12\/2023 Bienvenue sur le site web de CARSALIS. En acc\u00e9dant \u00e0 ce site, vous acceptez de respecter les conditions d&#8217;utilisation \u00e9nonc\u00e9es ci-dessous. Veuillez les lire attentivement avant d&#8217;utiliser notre site. 1. Acceptation des Conditions En utilisant le site web de CARSALIS, vous acceptez toutes les conditions \u00e9nonc\u00e9es dans les pr\u00e9sentes Conditions [&hellip;]\" \/>\n<meta property=\"og:url\" content=\"https:\/\/www.carsalis.com\/fr\/conditions-dutilisation\/\" \/>\n<meta property=\"og:site_name\" content=\"Carsalis\" \/>\n<meta property=\"article:modified_time\" content=\"2023-12-25T00:00:55+00:00\" \/>\n<meta name=\"twitter:card\" content=\"summary_large_image\" \/>\n<meta name=\"twitter:label1\" content=\"Estimation du temps de lecture\" \/>\n\t<meta name=\"twitter:data1\" content=\"3 minutes\" \/>\n<script type=\"application\/ld+json\" class=\"yoast-schema-graph\">{\"@context\":\"https:\/\/schema.org\",\"@graph\":[{\"@type\":\"WebPage\",\"@id\":\"https:\/\/www.carsalis.com\/conditions-dutilisation\/\",\"url\":\"https:\/\/www.carsalis.com\/conditions-dutilisation\/\",\"name\":\"Conditions d'Utilisation - Carsalis\",\"isPartOf\":{\"@id\":\"https:\/\/www.carsalis.com\/#website\"},\"datePublished\":\"2023-12-24T23:58:58+00:00\",\"dateModified\":\"2023-12-25T00:00:55+00:00\",\"breadcrumb\":{\"@id\":\"https:\/\/www.carsalis.com\/conditions-dutilisation\/#breadcrumb\"},\"inLanguage\":\"fr-CA\",\"potentialAction\":[{\"@type\":\"ReadAction\",\"target\":[\"https:\/\/www.carsalis.com\/conditions-dutilisation\/\"]}]},{\"@type\":\"BreadcrumbList\",\"@id\":\"https:\/\/www.carsalis.com\/conditions-dutilisation\/#breadcrumb\",\"itemListElement\":[{\"@type\":\"ListItem\",\"position\":1,\"name\":\"Accueil\",\"item\":\"https:\/\/www.carsalis.com\/\"},{\"@type\":\"ListItem\",\"position\":2,\"name\":\"Conditions d&#8217;Utilisation\"}]},{\"@type\":\"WebSite\",\"@id\":\"https:\/\/www.carsalis.com\/#website\",\"url\":\"https:\/\/www.carsalis.com\/\",\"name\":\"Carsalis\",\"description\":\"Location de voitures\",\"potentialAction\":[{\"@type\":\"SearchAction\",\"target\":{\"@type\":\"EntryPoint\",\"urlTemplate\":\"https:\/\/www.carsalis.com\/?s={search_term_string}\"},\"query-input\":\"required name=search_term_string\"}],\"inLanguage\":\"fr-CA\"}]}<\/script>\n<!-- \/ Yoast SEO plugin. -->","yoast_head_json":{"title":"Conditions d'Utilisation - Carsalis","robots":{"index":"index","follow":"follow","max-snippet":"max-snippet:-1","max-image-preview":"max-image-preview:large","max-video-preview":"max-video-preview:-1"},"canonical":"https:\/\/www.carsalis.com\/fr\/conditions-dutilisation\/","og_locale":"fr_CA","og_type":"article","og_title":"Conditions d'Utilisation - Carsalis","og_description":"Mise \u00e0 jour le 25\/12\/2023 Bienvenue sur le site web de CARSALIS. En acc\u00e9dant \u00e0 ce site, vous acceptez de respecter les conditions d&#8217;utilisation \u00e9nonc\u00e9es ci-dessous. Veuillez les lire attentivement avant d&#8217;utiliser notre site. 1. Acceptation des Conditions En utilisant le site web de CARSALIS, vous acceptez toutes les conditions \u00e9nonc\u00e9es dans les pr\u00e9sentes Conditions [&hellip;]","og_url":"https:\/\/www.carsalis.com\/fr\/conditions-dutilisation\/","og_site_name":"Carsalis","article_modified_time":"2023-12-25T00:00:55+00:00","twitter_card":"summary_large_image","twitter_misc":{"Estimation du temps de lecture":"3 minutes"},"schema":{"@context":"https:\/\/schema.org","@graph":[{"@type":"WebPage","@id":"https:\/\/www.carsalis.com\/conditions-dutilisation\/","url":"https:\/\/www.carsalis.com\/conditions-dutilisation\/","name":"Conditions d'Utilisation - Carsalis","isPartOf":{"@id":"https:\/\/www.carsalis.com\/#website"},"datePublished":"2023-12-24T23:58:58+00:00","dateModified":"2023-12-25T00:00:55+00:00","breadcrumb":{"@id":"https:\/\/www.carsalis.com\/conditions-dutilisation\/#breadcrumb"},"inLanguage":"fr-CA","potentialAction":[{"@type":"ReadAction","target":["https:\/\/www.carsalis.com\/conditions-dutilisation\/"]}]},{"@type":"BreadcrumbList","@id":"https:\/\/www.carsalis.com\/conditions-dutilisation\/#breadcrumb","itemListElement":[{"@type":"ListItem","position":1,"name":"Accueil","item":"https:\/\/www.carsalis.com\/"},{"@type":"ListItem","position":2,"name":"Conditions d&#8217;Utilisation"}]},{"@type":"WebSite","@id":"https:\/\/www.carsalis.com\/#website","url":"https:\/\/www.carsalis.com\/","name":"Carsalis","description":"Location de voitures","potentialAction":[{"@type":"SearchAction","target":{"@type":"EntryPoint","urlTemplate":"https:\/\/www.carsalis.com\/?s={search_term_string}"},"query-input":"required name=search_term_string"}],"inLanguage":"fr-CA"}]}},"jetpack_sharing_enabled":true,"_links":{"self":[{"href":"https:\/\/www.carsalis.com\/fr\/wp-json\/wp\/v2\/pages\/5952"}],"collection":[{"href":"https:\/\/www.carsalis.com\/fr\/wp-json\/wp\/v2\/pages"}],"about":[{"href":"https:\/\/www.carsalis.com\/fr\/wp-json\/wp\/v2\/types\/page"}],"author":[{"embeddable":true,"href":"https:\/\/www.carsalis.com\/fr\/wp-json\/wp\/v2\/users\/2"}],"replies":[{"embeddable":true,"href":"https:\/\/www.carsalis.com\/fr\/wp-json\/wp\/v2\/comments?post=5952"}],"version-history":[{"count":4,"href":"https:\/\/www.carsalis.com\/fr\/wp-json\/wp\/v2\/pages\/5952\/revisions"}],"predecessor-version":[{"id":5956,"href":"https:\/\/www.carsalis.com\/fr\/wp-json\/wp\/v2\/pages\/5952\/revisions\/5956"}],"wp:attachment":[{"href":"https:\/\/www.carsalis.com\/fr\/wp-json\/wp\/v2\/media?parent=5952"}],"curies":[{"name":"wp","href":"https:\/\/api.w.org\/{rel}","templated":true}]}}