{"id":5940,"date":"2023-12-25T00:46:16","date_gmt":"2023-12-24T23:46:16","guid":{"rendered":"https:\/\/www.carsalis.com\/?page_id=5940"},"modified":"2023-12-25T00:48:45","modified_gmt":"2023-12-24T23:48:45","slug":"methodes-de-paiement-acceptees","status":"publish","type":"page","link":"https:\/\/www.carsalis.com\/fr\/methodes-de-paiement-acceptees\/","title":{"rendered":"M\u00e9thodes de Paiement Accept\u00e9es"},"content":{"rendered":"<div data-elementor-type=\"wp-page\" data-elementor-id=\"5940\" class=\"elementor elementor-5940\" data-elementor-post-type=\"page\">\n\t\t\t\t\t\t\t<div class=\"elementor-element elementor-element-2d558593 e-flex e-con-boxed e-con e-parent\" data-id=\"2d558593\" data-element_type=\"container\" data-settings=\"{&quot;container_type&quot;:&quot;flex&quot;,&quot;content_width&quot;:&quot;boxed&quot;}\" data-core-v316-plus=\"true\">\n\t\t\t\t\t<div class=\"e-con-inner\">\n\t\t\t\t<div class=\"elementor-element elementor-element-313f2c78 elementor-widget elementor-widget-text-editor\" data-id=\"313f2c78\" data-element_type=\"widget\" data-widget_type=\"text-editor.default\">\n\t\t\t\t<div class=\"elementor-widget-container\">\n\t\t\t<style>\/*! elementor - v3.18.0 - 08-12-2023 *\/\n.elementor-widget-text-editor.elementor-drop-cap-view-stacked .elementor-drop-cap{background-color:#69727d;color:#fff}.elementor-widget-text-editor.elementor-drop-cap-view-framed .elementor-drop-cap{color:#69727d;border:3px solid;background-color:transparent}.elementor-widget-text-editor:not(.elementor-drop-cap-view-default) .elementor-drop-cap{margin-top:8px}.elementor-widget-text-editor:not(.elementor-drop-cap-view-default) .elementor-drop-cap-letter{width:1em;height:1em}.elementor-widget-text-editor .elementor-drop-cap{float:left;text-align:center;line-height:1;font-size:50px}.elementor-widget-text-editor .elementor-drop-cap-letter{display:inline-block}<\/style>\t\t\t\t<p><!-- wp:paragraph --><\/p>\n<p><span style=\"color: #808080;\"><em>Mise \u00e0 jour le 25\/12\/2023<\/em><\/span><\/p>\n<p><span style=\"color: #000000;\">Chez CARSALIS, nous vous offrons une exp\u00e9rience d&#8217;achat en ligne fluide et s\u00e9curis\u00e9e. Pour garantir votre satisfaction, nous acceptons plusieurs m\u00e9thodes de paiement pratiques. Choisissez celle qui vous convient le mieux !<\/span><\/p>\n<p><span style=\"color: #000000;\"><!-- \/wp:paragraph --><\/span><\/p>\n<p><span style=\"color: #000000;\"><!-- wp:heading --><\/span><\/p>\n<h2 class=\"wp-block-heading\"><span style=\"color: #000000;\">1. Paiement \u00e0 la Livraison<\/span><\/h2>\n<p><span style=\"color: #000000;\"><!-- \/wp:heading --><\/span><\/p>\n<p><span style=\"color: #000000;\"><!-- wp:heading {\"level\":3} --><\/span><\/p>\n<h3 class=\"wp-block-heading\"><span style=\"color: #000000;\">En Esp\u00e8ces<\/span><\/h3>\n<p><span style=\"color: #000000;\"><!-- \/wp:heading --><\/span><\/p>\n<p><span style=\"color: #000000;\"><!-- wp:paragraph --><\/span><\/p>\n<p><span style=\"color: #000000;\">Optez pour le r\u00e8glement en esp\u00e8ces lors de la livraison de votre commande. Vous pourrez remettre le montant exact au livreur pour finaliser votre achat.<\/span><\/p>\n<p><span style=\"color: #000000;\"><!-- \/wp:paragraph --><\/span><\/p>\n<p><span style=\"color: #000000;\"><!-- wp:heading {\"level\":3} --><\/span><\/p>\n<h3 class=\"wp-block-heading\"><span style=\"color: #000000;\">Carte de Cr\u00e9dit<\/span><\/h3>\n<p><span style=\"color: #000000;\"><!-- \/wp:heading --><\/span><\/p>\n<p><span style=\"color: #000000;\"><!-- wp:paragraph --><\/span><\/p>\n<p><span style=\"color: #000000;\">Si vous pr\u00e9f\u00e9rez une option sans esp\u00e8ces, nous acceptons \u00e9galement les paiements par carte de cr\u00e9dit lors de la livraison. Assurez-vous d&#8217;avoir votre carte \u00e0 port\u00e9e de main pour un processus rapide et s\u00e9curis\u00e9.<\/span><\/p>\n<p><span style=\"color: #000000;\"><!-- \/wp:paragraph --><\/span><\/p>\n<p><span style=\"color: #000000;\"><!-- wp:heading --><\/span><\/p>\n<h2 class=\"wp-block-heading\"><span style=\"color: #000000;\">2. Paiement en Ligne<\/span><\/h2>\n<p><span style=\"color: #000000;\"><!-- \/wp:heading --><\/span><\/p>\n<p><span style=\"color: #000000;\"><!-- wp:heading {\"level\":3} --><\/span><\/p>\n<h3 class=\"wp-block-heading\"><span style=\"color: #000000;\">PayPal<\/span><\/h3>\n<p><span style=\"color: #000000;\"><!-- \/wp:heading --><\/span><\/p>\n<p><span style=\"color: #000000;\"><!-- wp:paragraph --><\/span><\/p>\n<p><span style=\"color: #000000;\">CARSALIS accepte les paiements via PayPal, l&#8217;une des plateformes de paiement en ligne les plus s\u00e9curis\u00e9es au monde. Utilisez votre compte PayPal pour effectuer des transactions en toute confiance.<\/span><\/p>\n<p><span style=\"color: #000000;\"><!-- \/wp:paragraph --><\/span><\/p>\n<p><span style=\"color: #000000;\"><!-- wp:heading {\"level\":3} --><\/span><\/p>\n<h3 class=\"wp-block-heading\"><span style=\"color: #000000;\">Stripe<\/span><\/h3>\n<p><span style=\"color: #000000;\"><!-- \/wp:heading --><\/span><\/p>\n<p><span style=\"color: #000000;\"><!-- wp:paragraph --><\/span><\/p>\n<p><span style=\"color: #000000;\">Profitez d&#8217;une exp\u00e9rience de paiement fluide gr\u00e2ce \u00e0 Stripe, une solution de paiement en ligne s\u00e9curis\u00e9e. Saisissez les d\u00e9tails de votre carte de cr\u00e9dit directement sur notre site web pour un processus de paiement rapide et s\u00e9curis\u00e9.<\/span><\/p>\n<p><span style=\"color: #000000;\"><!-- \/wp:paragraph --><\/span><\/p>\n<p><span style=\"color: #000000;\"><!-- wp:heading {\"level\":3} --><\/span><\/p>\n<h3 class=\"wp-block-heading\"><span style=\"color: #000000;\">Carte de Cr\u00e9dit via le Site Web<\/span><\/h3>\n<p><span style=\"color: #000000;\"><!-- \/wp:heading --><\/span><\/p>\n<p><span style=\"color: #000000;\"><!-- wp:paragraph --><\/span><\/p>\n<p><span style=\"color: #000000;\">Nous acceptons les principales cartes de cr\u00e9dit directement sur notre site web. Entrez simplement les informations de votre carte lors du processus de paiement, et nous nous assurerons que votre transaction soit s\u00e9curis\u00e9e.<\/span><\/p>\n<p><span style=\"color: #000000;\"><!-- \/wp:paragraph --><\/span><\/p>\n<p><span style=\"color: #000000;\"><!-- wp:paragraph --><\/span><\/p>\n<p><span style=\"color: #000000;\">Chez CARSALIS, la s\u00e9curit\u00e9 de vos informations financi\u00e8res est notre priorit\u00e9. Toutes les transactions sont trait\u00e9es de mani\u00e8re s\u00e9curis\u00e9e pour garantir la confidentialit\u00e9 de vos donn\u00e9es.<\/span><\/p>\n<p><span style=\"color: #000000;\"><!-- \/wp:paragraph --><\/span><\/p>\n<p><span style=\"color: #000000;\"><!-- wp:paragraph --><\/span><\/p>\n<p><span style=\"color: #000000;\">Si vous avez des questions concernant nos m\u00e9thodes de paiement ou si vous rencontrez des probl\u00e8mes lors de votre commande, n&#8217;h\u00e9sitez pas \u00e0 nous contacter :<\/span><\/p>\n<ul class=\"info\">\n<li class=\"item\"><a href=\"mailto:Carsalis.loc@gmail.com\">Carsalis.loc@gmail.com<\/a><\/li>\n<li class=\"item\"><a href=\"https:\/\/wa.link\/mq5qp8\" target=\"_blank\" rel=\"noopener\">+212 648 291 116<\/a><\/li>\n<\/ul>\n<p><span style=\"color: #000000;\">. Nous sommes l\u00e0 pour vous aider \u00e0 chaque \u00e9tape du processus d&#8217;achat.<\/span><\/p>\n<p><span style=\"color: #000000;\"><!-- \/wp:paragraph --><\/span><\/p>\n<p><span style=\"color: #000000;\"><!-- wp:paragraph --><\/span><\/p>\n<p>\u00a0<\/p>\n<p><!-- \/wp:paragraph --><\/p>\t\t\t\t\t\t<\/div>\n\t\t\t\t<\/div>\n\t\t\t\t\t<\/div>\n\t\t\t\t<\/div>\n\t\t\t\t\t\t\t<\/div>","protected":false},"excerpt":{"rendered":"<p>Mise \u00e0 jour le 25\/12\/2023 Chez CARSALIS, nous vous offrons une exp\u00e9rience d&#8217;achat en ligne fluide et s\u00e9curis\u00e9e. Pour garantir votre satisfaction, nous acceptons plusieurs m\u00e9thodes de paiement pratiques. Choisissez celle qui vous convient le mieux ! 1. Paiement \u00e0 la Livraison En Esp\u00e8ces Optez pour le r\u00e8glement en esp\u00e8ces lors de la livraison de [&hellip;]<\/p>","protected":false},"author":2,"featured_media":0,"parent":0,"menu_order":0,"comment_status":"closed","ping_status":"closed","template":"","meta":{"footnotes":""},"yoast_head":"<!-- This site is optimized with the Yoast SEO plugin v21.7 - https:\/\/yoast.com\/wordpress\/plugins\/seo\/ -->\n<title>M\u00e9thodes de Paiement Accept\u00e9es - Carsalis<\/title>\n<meta name=\"robots\" content=\"index, follow, max-snippet:-1, max-image-preview:large, max-video-preview:-1\" \/>\n<link rel=\"canonical\" href=\"https:\/\/www.carsalis.com\/fr\/methodes-de-paiement-acceptees\/\" \/>\n<meta property=\"og:locale\" content=\"fr_CA\" \/>\n<meta property=\"og:type\" content=\"article\" \/>\n<meta property=\"og:title\" content=\"M\u00e9thodes de Paiement Accept\u00e9es - Carsalis\" \/>\n<meta property=\"og:description\" content=\"Mise \u00e0 jour le 25\/12\/2023 Chez CARSALIS, nous vous offrons une exp\u00e9rience d&#8217;achat en ligne fluide et s\u00e9curis\u00e9e. Pour garantir votre satisfaction, nous acceptons plusieurs m\u00e9thodes de paiement pratiques. Choisissez celle qui vous convient le mieux ! 1. Paiement \u00e0 la Livraison En Esp\u00e8ces Optez pour le r\u00e8glement en esp\u00e8ces lors de la livraison de [&hellip;]\" \/>\n<meta property=\"og:url\" content=\"https:\/\/www.carsalis.com\/fr\/methodes-de-paiement-acceptees\/\" \/>\n<meta property=\"og:site_name\" content=\"Carsalis\" \/>\n<meta property=\"article:modified_time\" content=\"2023-12-24T23:48:45+00:00\" \/>\n<meta name=\"twitter:card\" content=\"summary_large_image\" \/>\n<meta name=\"twitter:label1\" content=\"Estimation du temps de lecture\" \/>\n\t<meta name=\"twitter:data1\" content=\"2 minutes\" \/>\n<script type=\"application\/ld+json\" class=\"yoast-schema-graph\">{\"@context\":\"https:\/\/schema.org\",\"@graph\":[{\"@type\":\"WebPage\",\"@id\":\"https:\/\/www.carsalis.com\/methodes-de-paiement-acceptees\/\",\"url\":\"https:\/\/www.carsalis.com\/methodes-de-paiement-acceptees\/\",\"name\":\"M\u00e9thodes de Paiement Accept\u00e9es - Carsalis\",\"isPartOf\":{\"@id\":\"https:\/\/www.carsalis.com\/#website\"},\"datePublished\":\"2023-12-24T23:46:16+00:00\",\"dateModified\":\"2023-12-24T23:48:45+00:00\",\"breadcrumb\":{\"@id\":\"https:\/\/www.carsalis.com\/methodes-de-paiement-acceptees\/#breadcrumb\"},\"inLanguage\":\"fr-CA\",\"potentialAction\":[{\"@type\":\"ReadAction\",\"target\":[\"https:\/\/www.carsalis.com\/methodes-de-paiement-acceptees\/\"]}]},{\"@type\":\"BreadcrumbList\",\"@id\":\"https:\/\/www.carsalis.com\/methodes-de-paiement-acceptees\/#breadcrumb\",\"itemListElement\":[{\"@type\":\"ListItem\",\"position\":1,\"name\":\"Accueil\",\"item\":\"https:\/\/www.carsalis.com\/\"},{\"@type\":\"ListItem\",\"position\":2,\"name\":\"M\u00e9thodes de Paiement Accept\u00e9es\"}]},{\"@type\":\"WebSite\",\"@id\":\"https:\/\/www.carsalis.com\/#website\",\"url\":\"https:\/\/www.carsalis.com\/\",\"name\":\"Carsalis\",\"description\":\"Location de voitures\",\"potentialAction\":[{\"@type\":\"SearchAction\",\"target\":{\"@type\":\"EntryPoint\",\"urlTemplate\":\"https:\/\/www.carsalis.com\/?s={search_term_string}\"},\"query-input\":\"required name=search_term_string\"}],\"inLanguage\":\"fr-CA\"}]}<\/script>\n<!-- \/ Yoast SEO plugin. -->","yoast_head_json":{"title":"M\u00e9thodes de Paiement Accept\u00e9es - Carsalis","robots":{"index":"index","follow":"follow","max-snippet":"max-snippet:-1","max-image-preview":"max-image-preview:large","max-video-preview":"max-video-preview:-1"},"canonical":"https:\/\/www.carsalis.com\/fr\/methodes-de-paiement-acceptees\/","og_locale":"fr_CA","og_type":"article","og_title":"M\u00e9thodes de Paiement Accept\u00e9es - Carsalis","og_description":"Mise \u00e0 jour le 25\/12\/2023 Chez CARSALIS, nous vous offrons une exp\u00e9rience d&#8217;achat en ligne fluide et s\u00e9curis\u00e9e. Pour garantir votre satisfaction, nous acceptons plusieurs m\u00e9thodes de paiement pratiques. Choisissez celle qui vous convient le mieux ! 1. Paiement \u00e0 la Livraison En Esp\u00e8ces Optez pour le r\u00e8glement en esp\u00e8ces lors de la livraison de [&hellip;]","og_url":"https:\/\/www.carsalis.com\/fr\/methodes-de-paiement-acceptees\/","og_site_name":"Carsalis","article_modified_time":"2023-12-24T23:48:45+00:00","twitter_card":"summary_large_image","twitter_misc":{"Estimation du temps de lecture":"2 minutes"},"schema":{"@context":"https:\/\/schema.org","@graph":[{"@type":"WebPage","@id":"https:\/\/www.carsalis.com\/methodes-de-paiement-acceptees\/","url":"https:\/\/www.carsalis.com\/methodes-de-paiement-acceptees\/","name":"M\u00e9thodes de Paiement Accept\u00e9es - Carsalis","isPartOf":{"@id":"https:\/\/www.carsalis.com\/#website"},"datePublished":"2023-12-24T23:46:16+00:00","dateModified":"2023-12-24T23:48:45+00:00","breadcrumb":{"@id":"https:\/\/www.carsalis.com\/methodes-de-paiement-acceptees\/#breadcrumb"},"inLanguage":"fr-CA","potentialAction":[{"@type":"ReadAction","target":["https:\/\/www.carsalis.com\/methodes-de-paiement-acceptees\/"]}]},{"@type":"BreadcrumbList","@id":"https:\/\/www.carsalis.com\/methodes-de-paiement-acceptees\/#breadcrumb","itemListElement":[{"@type":"ListItem","position":1,"name":"Accueil","item":"https:\/\/www.carsalis.com\/"},{"@type":"ListItem","position":2,"name":"M\u00e9thodes de Paiement Accept\u00e9es"}]},{"@type":"WebSite","@id":"https:\/\/www.carsalis.com\/#website","url":"https:\/\/www.carsalis.com\/","name":"Carsalis","description":"Location de voitures","potentialAction":[{"@type":"SearchAction","target":{"@type":"EntryPoint","urlTemplate":"https:\/\/www.carsalis.com\/?s={search_term_string}"},"query-input":"required name=search_term_string"}],"inLanguage":"fr-CA"}]}},"jetpack_sharing_enabled":true,"_links":{"self":[{"href":"https:\/\/www.carsalis.com\/fr\/wp-json\/wp\/v2\/pages\/5940"}],"collection":[{"href":"https:\/\/www.carsalis.com\/fr\/wp-json\/wp\/v2\/pages"}],"about":[{"href":"https:\/\/www.carsalis.com\/fr\/wp-json\/wp\/v2\/types\/page"}],"author":[{"embeddable":true,"href":"https:\/\/www.carsalis.com\/fr\/wp-json\/wp\/v2\/users\/2"}],"replies":[{"embeddable":true,"href":"https:\/\/www.carsalis.com\/fr\/wp-json\/wp\/v2\/comments?post=5940"}],"version-history":[{"count":3,"href":"https:\/\/www.carsalis.com\/fr\/wp-json\/wp\/v2\/pages\/5940\/revisions"}],"predecessor-version":[{"id":5943,"href":"https:\/\/www.carsalis.com\/fr\/wp-json\/wp\/v2\/pages\/5940\/revisions\/5943"}],"wp:attachment":[{"href":"https:\/\/www.carsalis.com\/fr\/wp-json\/wp\/v2\/media?parent=5940"}],"curies":[{"name":"wp","href":"https:\/\/api.w.org\/{rel}","templated":true}]}}