{"id":3796,"date":"2023-11-09T07:51:23","date_gmt":"2023-11-09T07:51:23","guid":{"rendered":"https:\/\/www.carsalis.com\/?page_id=3796"},"modified":"2023-12-27T00:51:23","modified_gmt":"2023-12-26T23:51:23","slug":"thanks","status":"publish","type":"page","link":"https:\/\/www.carsalis.com\/fr\/thanks\/","title":{"rendered":"Merci pour Votre R\u00e9servation !"},"content":{"rendered":"<p>Merci infiniment d&#8217;avoir choisi CARSALIS. Nous sommes en train de traiter votre r\u00e9servation et reviendrons vers vous d\u00e8s que possible avec les d\u00e9tails de votre location.<\/p>\n\n\n\n<p>Pour toute question urgente, n&#8217;h\u00e9sitez pas \u00e0 nous contacter. Nous sommes impatients de vous servir !<\/p>\n\n\n\n<p>Email: <a href=\"mailto:carsalis.loc@gmail.com\">carsalis.loc@gmail.com<\/a>  <\/p>\n\n\n\n<p>T\u00e9l\u00e9phone: <a href=\"https:\/\/wa.link\/mq5qp8\" target=\"_blank\" rel=\"noreferrer noopener\">+212 648 291 116<\/a><\/p>","protected":false},"excerpt":{"rendered":"<p>Merci infiniment d&#8217;avoir choisi CARSALIS. Nous sommes en train de traiter votre r\u00e9servation et reviendrons vers vous d\u00e8s que possible avec les d\u00e9tails de votre location. Pour toute question urgente, n&#8217;h\u00e9sitez pas \u00e0 nous contacter. Nous sommes impatients de vous servir ! Email: carsalis.loc@gmail.com T\u00e9l\u00e9phone: +212 648 291 116<\/p>","protected":false},"author":2,"featured_media":0,"parent":0,"menu_order":0,"comment_status":"closed","ping_status":"closed","template":"","meta":{"footnotes":""},"yoast_head":"<!-- This site is optimized with the Yoast SEO plugin v21.7 - https:\/\/yoast.com\/wordpress\/plugins\/seo\/ -->\n<title>Merci pour Votre R\u00e9servation ! - Carsalis<\/title>\n<meta name=\"robots\" content=\"index, follow, max-snippet:-1, max-image-preview:large, max-video-preview:-1\" \/>\n<link rel=\"canonical\" href=\"https:\/\/www.carsalis.com\/fr\/thanks\/\" \/>\n<meta property=\"og:locale\" content=\"fr_CA\" \/>\n<meta property=\"og:type\" content=\"article\" \/>\n<meta property=\"og:title\" content=\"Merci pour Votre R\u00e9servation ! - Carsalis\" \/>\n<meta property=\"og:description\" content=\"Merci infiniment d&#8217;avoir choisi CARSALIS. Nous sommes en train de traiter votre r\u00e9servation et reviendrons vers vous d\u00e8s que possible avec les d\u00e9tails de votre location. Pour toute question urgente, n&#8217;h\u00e9sitez pas \u00e0 nous contacter. Nous sommes impatients de vous servir ! Email: carsalis.loc@gmail.com T\u00e9l\u00e9phone: +212 648 291 116\" \/>\n<meta property=\"og:url\" content=\"https:\/\/www.carsalis.com\/fr\/thanks\/\" \/>\n<meta property=\"og:site_name\" content=\"Carsalis\" \/>\n<meta property=\"article:modified_time\" content=\"2023-12-26T23:51:23+00:00\" \/>\n<meta name=\"twitter:card\" content=\"summary_large_image\" \/>\n<meta name=\"twitter:label1\" content=\"Estimation du temps de lecture\" \/>\n\t<meta name=\"twitter:data1\" content=\"1 minute\" \/>\n<script type=\"application\/ld+json\" class=\"yoast-schema-graph\">{\"@context\":\"https:\/\/schema.org\",\"@graph\":[{\"@type\":\"WebPage\",\"@id\":\"https:\/\/www.carsalis.com\/thanks\/\",\"url\":\"https:\/\/www.carsalis.com\/thanks\/\",\"name\":\"Merci pour Votre R\u00e9servation ! - Carsalis\",\"isPartOf\":{\"@id\":\"https:\/\/www.carsalis.com\/#website\"},\"datePublished\":\"2023-11-09T07:51:23+00:00\",\"dateModified\":\"2023-12-26T23:51:23+00:00\",\"breadcrumb\":{\"@id\":\"https:\/\/www.carsalis.com\/thanks\/#breadcrumb\"},\"inLanguage\":\"fr-CA\",\"potentialAction\":[{\"@type\":\"ReadAction\",\"target\":[\"https:\/\/www.carsalis.com\/thanks\/\"]}]},{\"@type\":\"BreadcrumbList\",\"@id\":\"https:\/\/www.carsalis.com\/thanks\/#breadcrumb\",\"itemListElement\":[{\"@type\":\"ListItem\",\"position\":1,\"name\":\"Accueil\",\"item\":\"https:\/\/www.carsalis.com\/\"},{\"@type\":\"ListItem\",\"position\":2,\"name\":\"Merci pour Votre R\u00e9servation !\"}]},{\"@type\":\"WebSite\",\"@id\":\"https:\/\/www.carsalis.com\/#website\",\"url\":\"https:\/\/www.carsalis.com\/\",\"name\":\"Carsalis\",\"description\":\"Location de voitures\",\"potentialAction\":[{\"@type\":\"SearchAction\",\"target\":{\"@type\":\"EntryPoint\",\"urlTemplate\":\"https:\/\/www.carsalis.com\/?s={search_term_string}\"},\"query-input\":\"required name=search_term_string\"}],\"inLanguage\":\"fr-CA\"}]}<\/script>\n<!-- \/ Yoast SEO plugin. -->","yoast_head_json":{"title":"Merci pour Votre R\u00e9servation ! - Carsalis","robots":{"index":"index","follow":"follow","max-snippet":"max-snippet:-1","max-image-preview":"max-image-preview:large","max-video-preview":"max-video-preview:-1"},"canonical":"https:\/\/www.carsalis.com\/fr\/thanks\/","og_locale":"fr_CA","og_type":"article","og_title":"Merci pour Votre R\u00e9servation ! - Carsalis","og_description":"Merci infiniment d&#8217;avoir choisi CARSALIS. Nous sommes en train de traiter votre r\u00e9servation et reviendrons vers vous d\u00e8s que possible avec les d\u00e9tails de votre location. Pour toute question urgente, n&#8217;h\u00e9sitez pas \u00e0 nous contacter. Nous sommes impatients de vous servir ! Email: carsalis.loc@gmail.com T\u00e9l\u00e9phone: +212 648 291 116","og_url":"https:\/\/www.carsalis.com\/fr\/thanks\/","og_site_name":"Carsalis","article_modified_time":"2023-12-26T23:51:23+00:00","twitter_card":"summary_large_image","twitter_misc":{"Estimation du temps de lecture":"1 minute"},"schema":{"@context":"https:\/\/schema.org","@graph":[{"@type":"WebPage","@id":"https:\/\/www.carsalis.com\/thanks\/","url":"https:\/\/www.carsalis.com\/thanks\/","name":"Merci pour Votre R\u00e9servation ! - Carsalis","isPartOf":{"@id":"https:\/\/www.carsalis.com\/#website"},"datePublished":"2023-11-09T07:51:23+00:00","dateModified":"2023-12-26T23:51:23+00:00","breadcrumb":{"@id":"https:\/\/www.carsalis.com\/thanks\/#breadcrumb"},"inLanguage":"fr-CA","potentialAction":[{"@type":"ReadAction","target":["https:\/\/www.carsalis.com\/thanks\/"]}]},{"@type":"BreadcrumbList","@id":"https:\/\/www.carsalis.com\/thanks\/#breadcrumb","itemListElement":[{"@type":"ListItem","position":1,"name":"Accueil","item":"https:\/\/www.carsalis.com\/"},{"@type":"ListItem","position":2,"name":"Merci pour Votre R\u00e9servation !"}]},{"@type":"WebSite","@id":"https:\/\/www.carsalis.com\/#website","url":"https:\/\/www.carsalis.com\/","name":"Carsalis","description":"Location de voitures","potentialAction":[{"@type":"SearchAction","target":{"@type":"EntryPoint","urlTemplate":"https:\/\/www.carsalis.com\/?s={search_term_string}"},"query-input":"required name=search_term_string"}],"inLanguage":"fr-CA"}]}},"jetpack_sharing_enabled":true,"_links":{"self":[{"href":"https:\/\/www.carsalis.com\/fr\/wp-json\/wp\/v2\/pages\/3796"}],"collection":[{"href":"https:\/\/www.carsalis.com\/fr\/wp-json\/wp\/v2\/pages"}],"about":[{"href":"https:\/\/www.carsalis.com\/fr\/wp-json\/wp\/v2\/types\/page"}],"author":[{"embeddable":true,"href":"https:\/\/www.carsalis.com\/fr\/wp-json\/wp\/v2\/users\/2"}],"replies":[{"embeddable":true,"href":"https:\/\/www.carsalis.com\/fr\/wp-json\/wp\/v2\/comments?post=3796"}],"version-history":[{"count":3,"href":"https:\/\/www.carsalis.com\/fr\/wp-json\/wp\/v2\/pages\/3796\/revisions"}],"predecessor-version":[{"id":6009,"href":"https:\/\/www.carsalis.com\/fr\/wp-json\/wp\/v2\/pages\/3796\/revisions\/6009"}],"wp:attachment":[{"href":"https:\/\/www.carsalis.com\/fr\/wp-json\/wp\/v2\/media?parent=3796"}],"curies":[{"name":"wp","href":"https:\/\/api.w.org\/{rel}","templated":true}]}}