{"id":3295,"date":"2023-12-10T18:20:24","date_gmt":"2023-12-10T17:20:24","guid":{"rendered":"https:\/\/www.carsalis.com\/mon-compte\/"},"modified":"2023-12-16T13:00:01","modified_gmt":"2023-12-16T12:00:01","slug":"mon-compte","status":"publish","type":"page","link":"https:\/\/www.carsalis.com\/fr\/mon-compte\/","title":{"rendered":"Mon compte"},"content":{"rendered":"<div data-elementor-type=\"wp-page\" data-elementor-id=\"3295\" class=\"elementor elementor-3295\" data-elementor-post-type=\"page\">\n\t\t\t\t\t\t\t<div class=\"elementor-element elementor-element-6359d79 e-flex e-con-boxed e-con e-parent\" data-id=\"6359d79\" data-element_type=\"container\" data-settings=\"{&quot;container_type&quot;:&quot;flex&quot;,&quot;content_width&quot;:&quot;boxed&quot;}\" data-core-v316-plus=\"true\">\n\t\t\t\t\t<div class=\"e-con-inner\">\n\t\t\t\t<div class=\"elementor-element elementor-element-5aaad22 elementor-widget elementor-widget-spacer\" data-id=\"5aaad22\" data-element_type=\"widget\" data-widget_type=\"spacer.default\">\n\t\t\t\t<div class=\"elementor-widget-container\">\n\t\t\t<style>\/*! elementor - v3.18.0 - 08-12-2023 *\/\n.elementor-column .elementor-spacer-inner{height:var(--spacer-size)}.e-con{--container-widget-width:100%}.e-con-inner>.elementor-widget-spacer,.e-con>.elementor-widget-spacer{width:var(--container-widget-width,var(--spacer-size));--align-self:var(--container-widget-align-self,initial);--flex-shrink:0}.e-con-inner>.elementor-widget-spacer>.elementor-widget-container,.e-con>.elementor-widget-spacer>.elementor-widget-container{height:100%;width:100%}.e-con-inner>.elementor-widget-spacer>.elementor-widget-container>.elementor-spacer,.e-con>.elementor-widget-spacer>.elementor-widget-container>.elementor-spacer{height:100%}.e-con-inner>.elementor-widget-spacer>.elementor-widget-container>.elementor-spacer>.elementor-spacer-inner,.e-con>.elementor-widget-spacer>.elementor-widget-container>.elementor-spacer>.elementor-spacer-inner{height:var(--container-widget-height,var(--spacer-size))}.e-con-inner>.elementor-widget-spacer.elementor-widget-empty,.e-con>.elementor-widget-spacer.elementor-widget-empty{position:relative;min-height:22px;min-width:22px}.e-con-inner>.elementor-widget-spacer.elementor-widget-empty .elementor-widget-empty-icon,.e-con>.elementor-widget-spacer.elementor-widget-empty .elementor-widget-empty-icon{position:absolute;top:0;bottom:0;left:0;right:0;margin:auto;padding:0;width:22px;height:22px}<\/style>\t\t<div class=\"elementor-spacer\">\n\t\t\t<div class=\"elementor-spacer-inner\"><\/div>\n\t\t<\/div>\n\t\t\t\t<\/div>\n\t\t\t\t<\/div>\n\t\t\t\t<div class=\"elementor-element elementor-element-d05f94f elementor-widget elementor-widget-heading\" data-id=\"d05f94f\" data-element_type=\"widget\" data-widget_type=\"heading.default\">\n\t\t\t\t<div class=\"elementor-widget-container\">\n\t\t\t<style>\/*! elementor - v3.18.0 - 08-12-2023 *\/\n.elementor-heading-title{padding:0;margin:0;line-height:1}.elementor-widget-heading .elementor-heading-title[class*=elementor-size-]>a{color:inherit;font-size:inherit;line-height:inherit}.elementor-widget-heading .elementor-heading-title.elementor-size-small{font-size:15px}.elementor-widget-heading .elementor-heading-title.elementor-size-medium{font-size:19px}.elementor-widget-heading .elementor-heading-title.elementor-size-large{font-size:29px}.elementor-widget-heading .elementor-heading-title.elementor-size-xl{font-size:39px}.elementor-widget-heading .elementor-heading-title.elementor-size-xxl{font-size:59px}<\/style><h1 class=\"elementor-heading-title elementor-size-default\">Mon Compte Carsalis<\/h1>\t\t<\/div>\n\t\t\t\t<\/div>\n\t\t\t\t<div class=\"elementor-element elementor-element-1bdf5f2 elementor-widget elementor-widget-spacer\" data-id=\"1bdf5f2\" data-element_type=\"widget\" data-widget_type=\"spacer.default\">\n\t\t\t\t<div class=\"elementor-widget-container\">\n\t\t\t\t\t<div class=\"elementor-spacer\">\n\t\t\t<div class=\"elementor-spacer-inner\"><\/div>\n\t\t<\/div>\n\t\t\t\t<\/div>\n\t\t\t\t<\/div>\n\t\t\t\t<div class=\"elementor-element elementor-element-1b9110d e-my-account-tabs-horizontal elementor-widget elementor-widget-woocommerce-my-account\" data-id=\"1b9110d\" data-element_type=\"widget\" data-settings=\"{&quot;customize_dashboard_check&quot;:&quot;yes&quot;}\" data-widget_type=\"woocommerce-my-account.default\">\n\t\t\t\t<div class=\"elementor-widget-container\">\n\t\t\t<link rel=\"stylesheet\" href=\"https:\/\/www.carsalis.com\/wp-content\/plugins\/elementor-pro\/assets\/css\/widget-woocommerce.min.css\"><div class=\"e-my-account-tab e-my-account-tab__\">\t\t\t<span class=\"elementor-hidden\">[woocommerce_my_account]<\/span>\n\t\t\t<div class=\"woocommerce\"><div class=\"woocommerce-notices-wrapper\"><\/div>\t\t\t\n\t\t\t<ul class=\"ova-login-register-woo\">\n\t\t\t\t<li class=\"active\">\n\t\t\t\t\t<a href=\"javascript:void(0)\" data-type=\"login\">\n\t\t\t\t\t\tLogin\t\t\t\t\t<\/a>\n\t\t\t\t<\/li>\n\t\t\t\t\t\t\t<\/ul>\n\n\t\t\n\n\t\t<h2 data-no-translation=\"\" data-trp-gettext=\"\">Connexion<\/h2>\n\n\t\t<form class=\"woocommerce-form woocommerce-form-login login\" method=\"post\" action=\"\">\n\n\t\t\t\n\t\t\t<p class=\"woocommerce-form-row woocommerce-form-row--wide form-row form-row-wide\">\n\t\t\t\t<label for=\"username\">Identifiant ou adresse courriel&nbsp;<span class=\"required\">*<\/span><\/label>\n\t\t\t\t<input type=\"text\" class=\"woocommerce-Input woocommerce-Input--text input-text\" name=\"username\" id=\"username\" autocomplete=\"username\" value=\"\" \/>\t\t\t<\/p>\n\t\t\t<p class=\"woocommerce-form-row woocommerce-form-row--wide form-row form-row-wide\">\n\t\t\t\t<label for=\"password\">Mot de passe&nbsp;<span class=\"required\">*<\/span><\/label>\n\t\t\t\t<input class=\"woocommerce-Input woocommerce-Input--text input-text\" type=\"password\" name=\"password\" id=\"password\" autocomplete=\"current-password\" \/>\n\t\t\t<\/p>\n\n\t\t\t\n\t\t\t<p class=\"form-row\">\n\t\t\t\t<label class=\"woocommerce-form__label woocommerce-form__label-for-checkbox woocommerce-form-login__rememberme\">\n\t\t\t\t\t<input class=\"woocommerce-form__input woocommerce-form__input-checkbox\" name=\"rememberme\" type=\"checkbox\" id=\"rememberme\" value=\"forever\" \/> <span data-no-translation=\"\" data-trp-gettext=\"\">Se souvenir de moi<\/span>\n\t\t\t\t<\/label>\n\t\t\t\t<input type=\"hidden\" id=\"woocommerce-login-nonce\" name=\"woocommerce-login-nonce\" value=\"ad3869a912\" \/><input type=\"hidden\" name=\"_wp_http_referer\" value=\"\/fr\/wp-json\/wp\/v2\/pages\/3295\" \/>\t\t\t\t<button type=\"submit\" class=\"woocommerce-button button woocommerce-form-login__submit\" name=\"login\" value=\"Connexion\" data-no-translation=\"\" data-trp-gettext=\"\" data-no-translation-value=\"\">Connexion<\/button>\n\t\t\t<\/p>\n\t\t\t<p class=\"woocommerce-LostPassword lost_password\">\n\t\t\t\t<a href=\"https:\/\/www.carsalis.com\/wp-login.php?action=lostpassword\" data-no-translation=\"\" data-trp-gettext=\"\">Mot de passe oubli\u00e9?<\/a>\n\t\t\t<\/p>\n\n\t\t\t\n\t\t<input type=\"hidden\" name=\"trp-form-language\" value=\"fr\"\/><\/form>\n\n\n<\/div>\t\t<\/div>\n\t\t\t\t<\/div>\n\t\t\t\t<\/div>\n\t\t\t\t\t<\/div>\n\t\t\t\t<\/div>\n\t\t\t\t\t\t\t<\/div>","protected":false},"excerpt":{"rendered":"<p>Mon Compte Carsalis Login Connexion Identifiant ou adresse courriel&nbsp;* Mot de passe&nbsp;* Se souvenir de moi Connexion Mot de passe oubli\u00e9? Tableau de bord Mes R\u00e9servation D\u00e9tails du compte D\u00e9connecter Tableau de bord Mes R\u00e9servation D\u00e9tails du compte D\u00e9connecter Tableau de bord Mes R\u00e9servation D\u00e9tails du compte D\u00e9connecter Tableau [&hellip;]<\/p>","protected":false},"author":1,"featured_media":0,"parent":0,"menu_order":0,"comment_status":"closed","ping_status":"closed","template":"","meta":{"footnotes":""},"yoast_head":"<!-- This site is optimized with the Yoast SEO plugin v21.7 - https:\/\/yoast.com\/wordpress\/plugins\/seo\/ -->\n<title>Mon compte - Carsalis<\/title>\n<meta name=\"robots\" content=\"index, follow, max-snippet:-1, max-image-preview:large, max-video-preview:-1\" \/>\n<link rel=\"canonical\" href=\"https:\/\/www.carsalis.com\/fr\/mon-compte\/\" \/>\n<meta property=\"og:locale\" content=\"fr_CA\" \/>\n<meta property=\"og:type\" content=\"article\" \/>\n<meta property=\"og:title\" content=\"Mon compte - Carsalis\" \/>\n<meta property=\"og:description\" content=\"Mon Compte Carsalis Login Connexion Identifiant ou adresse courriel&nbsp;* Mot de passe&nbsp;* Se souvenir de moi Connexion Mot de passe oubli\u00e9? Tableau de bord Mes R\u00e9servation D\u00e9tails du compte D\u00e9connecter Tableau de bord Mes R\u00e9servation D\u00e9tails du compte D\u00e9connecter Tableau de bord Mes R\u00e9servation D\u00e9tails du compte D\u00e9connecter Tableau [&hellip;]\" \/>\n<meta property=\"og:url\" content=\"https:\/\/www.carsalis.com\/fr\/mon-compte\/\" \/>\n<meta property=\"og:site_name\" content=\"Carsalis\" \/>\n<meta property=\"article:modified_time\" content=\"2023-12-16T12:00:01+00:00\" \/>\n<meta name=\"twitter:card\" content=\"summary_large_image\" \/>\n<meta name=\"twitter:label1\" content=\"Estimation du temps de lecture\" \/>\n\t<meta name=\"twitter:data1\" content=\"1 minute\" \/>\n<script type=\"application\/ld+json\" class=\"yoast-schema-graph\">{\"@context\":\"https:\/\/schema.org\",\"@graph\":[{\"@type\":\"WebPage\",\"@id\":\"https:\/\/www.carsalis.com\/mon-compte\/\",\"url\":\"https:\/\/www.carsalis.com\/mon-compte\/\",\"name\":\"Mon compte - Carsalis\",\"isPartOf\":{\"@id\":\"https:\/\/www.carsalis.com\/#website\"},\"datePublished\":\"2023-12-10T17:20:24+00:00\",\"dateModified\":\"2023-12-16T12:00:01+00:00\",\"breadcrumb\":{\"@id\":\"https:\/\/www.carsalis.com\/mon-compte\/#breadcrumb\"},\"inLanguage\":\"fr-CA\",\"potentialAction\":[{\"@type\":\"ReadAction\",\"target\":[\"https:\/\/www.carsalis.com\/mon-compte\/\"]}]},{\"@type\":\"BreadcrumbList\",\"@id\":\"https:\/\/www.carsalis.com\/mon-compte\/#breadcrumb\",\"itemListElement\":[{\"@type\":\"ListItem\",\"position\":1,\"name\":\"Accueil\",\"item\":\"https:\/\/www.carsalis.com\/\"},{\"@type\":\"ListItem\",\"position\":2,\"name\":\"Mon compte\"}]},{\"@type\":\"WebSite\",\"@id\":\"https:\/\/www.carsalis.com\/#website\",\"url\":\"https:\/\/www.carsalis.com\/\",\"name\":\"Carsalis\",\"description\":\"Location de voitures\",\"potentialAction\":[{\"@type\":\"SearchAction\",\"target\":{\"@type\":\"EntryPoint\",\"urlTemplate\":\"https:\/\/www.carsalis.com\/?s={search_term_string}\"},\"query-input\":\"required name=search_term_string\"}],\"inLanguage\":\"fr-CA\"}]}<\/script>\n<!-- \/ Yoast SEO plugin. -->","yoast_head_json":{"title":"Mon compte - Carsalis","robots":{"index":"index","follow":"follow","max-snippet":"max-snippet:-1","max-image-preview":"max-image-preview:large","max-video-preview":"max-video-preview:-1"},"canonical":"https:\/\/www.carsalis.com\/fr\/mon-compte\/","og_locale":"fr_CA","og_type":"article","og_title":"Mon compte - Carsalis","og_description":"Mon Compte Carsalis Login Connexion Identifiant ou adresse courriel&nbsp;* Mot de passe&nbsp;* Se souvenir de moi Connexion Mot de passe oubli\u00e9? Tableau de bord Mes R\u00e9servation D\u00e9tails du compte D\u00e9connecter Tableau de bord Mes R\u00e9servation D\u00e9tails du compte D\u00e9connecter Tableau de bord Mes R\u00e9servation D\u00e9tails du compte D\u00e9connecter Tableau [&hellip;]","og_url":"https:\/\/www.carsalis.com\/fr\/mon-compte\/","og_site_name":"Carsalis","article_modified_time":"2023-12-16T12:00:01+00:00","twitter_card":"summary_large_image","twitter_misc":{"Estimation du temps de lecture":"1 minute"},"schema":{"@context":"https:\/\/schema.org","@graph":[{"@type":"WebPage","@id":"https:\/\/www.carsalis.com\/mon-compte\/","url":"https:\/\/www.carsalis.com\/mon-compte\/","name":"Mon compte - Carsalis","isPartOf":{"@id":"https:\/\/www.carsalis.com\/#website"},"datePublished":"2023-12-10T17:20:24+00:00","dateModified":"2023-12-16T12:00:01+00:00","breadcrumb":{"@id":"https:\/\/www.carsalis.com\/mon-compte\/#breadcrumb"},"inLanguage":"fr-CA","potentialAction":[{"@type":"ReadAction","target":["https:\/\/www.carsalis.com\/mon-compte\/"]}]},{"@type":"BreadcrumbList","@id":"https:\/\/www.carsalis.com\/mon-compte\/#breadcrumb","itemListElement":[{"@type":"ListItem","position":1,"name":"Accueil","item":"https:\/\/www.carsalis.com\/"},{"@type":"ListItem","position":2,"name":"Mon compte"}]},{"@type":"WebSite","@id":"https:\/\/www.carsalis.com\/#website","url":"https:\/\/www.carsalis.com\/","name":"Carsalis","description":"Location de voitures","potentialAction":[{"@type":"SearchAction","target":{"@type":"EntryPoint","urlTemplate":"https:\/\/www.carsalis.com\/?s={search_term_string}"},"query-input":"required name=search_term_string"}],"inLanguage":"fr-CA"}]}},"jetpack_sharing_enabled":true,"_links":{"self":[{"href":"https:\/\/www.carsalis.com\/fr\/wp-json\/wp\/v2\/pages\/3295"}],"collection":[{"href":"https:\/\/www.carsalis.com\/fr\/wp-json\/wp\/v2\/pages"}],"about":[{"href":"https:\/\/www.carsalis.com\/fr\/wp-json\/wp\/v2\/types\/page"}],"author":[{"embeddable":true,"href":"https:\/\/www.carsalis.com\/fr\/wp-json\/wp\/v2\/users\/1"}],"replies":[{"embeddable":true,"href":"https:\/\/www.carsalis.com\/fr\/wp-json\/wp\/v2\/comments?post=3295"}],"version-history":[{"count":0,"href":"https:\/\/www.carsalis.com\/fr\/wp-json\/wp\/v2\/pages\/3295\/revisions"}],"wp:attachment":[{"href":"https:\/\/www.carsalis.com\/fr\/wp-json\/wp\/v2\/media?parent=3295"}],"curies":[{"name":"wp","href":"https:\/\/api.w.org\/{rel}","templated":true}]}}