{"id":319,"date":"2016-02-15T12:53:54","date_gmt":"2016-02-15T12:53:54","guid":{"rendered":"http:\/\/carsalis.imaging.ma\/?page_id=319"},"modified":"2023-12-11T19:22:35","modified_gmt":"2023-12-11T18:22:35","slug":"simulez-votre-devis","status":"publish","type":"page","link":"http:\/\/www.carsalis.com\/fr\/simulez-votre-devis\/","title":{"rendered":"Simulation de Devis"},"content":{"rendered":"<div data-elementor-type=\"wp-page\" data-elementor-id=\"319\" class=\"elementor elementor-319\" data-elementor-post-type=\"page\">\n\t\t\t\t\t\t\t<div class=\"elementor-element elementor-element-56beaac e-flex e-con-boxed e-con e-parent\" data-id=\"56beaac\" data-element_type=\"container\" data-settings=\"{&quot;container_type&quot;:&quot;flex&quot;,&quot;content_width&quot;:&quot;boxed&quot;}\" data-core-v316-plus=\"true\">\n\t\t\t\t\t<div class=\"e-con-inner\">\n\t\t\t\t<div class=\"elementor-element elementor-element-79cc176 elementor-widget-divider--view-line elementor-widget elementor-widget-divider\" data-id=\"79cc176\" data-element_type=\"widget\" data-widget_type=\"divider.default\">\n\t\t\t\t<div class=\"elementor-widget-container\">\n\t\t\t<style>\/*! elementor - v3.18.0 - 08-12-2023 *\/\n.elementor-widget-divider{--divider-border-style:none;--divider-border-width:1px;--divider-color:#0c0d0e;--divider-icon-size:20px;--divider-element-spacing:10px;--divider-pattern-height:24px;--divider-pattern-size:20px;--divider-pattern-url:none;--divider-pattern-repeat:repeat-x}.elementor-widget-divider .elementor-divider{display:flex}.elementor-widget-divider .elementor-divider__text{font-size:15px;line-height:1;max-width:95%}.elementor-widget-divider .elementor-divider__element{margin:0 var(--divider-element-spacing);flex-shrink:0}.elementor-widget-divider .elementor-icon{font-size:var(--divider-icon-size)}.elementor-widget-divider .elementor-divider-separator{display:flex;margin:0;direction:ltr}.elementor-widget-divider--view-line_icon .elementor-divider-separator,.elementor-widget-divider--view-line_text .elementor-divider-separator{align-items:center}.elementor-widget-divider--view-line_icon .elementor-divider-separator:after,.elementor-widget-divider--view-line_icon .elementor-divider-separator:before,.elementor-widget-divider--view-line_text .elementor-divider-separator:after,.elementor-widget-divider--view-line_text .elementor-divider-separator:before{display:block;content:\"\";border-bottom:0;flex-grow:1;border-top:var(--divider-border-width) var(--divider-border-style) var(--divider-color)}.elementor-widget-divider--element-align-left .elementor-divider .elementor-divider-separator>.elementor-divider__svg:first-of-type{flex-grow:0;flex-shrink:100}.elementor-widget-divider--element-align-left .elementor-divider-separator:before{content:none}.elementor-widget-divider--element-align-left .elementor-divider__element{margin-left:0}.elementor-widget-divider--element-align-right .elementor-divider .elementor-divider-separator>.elementor-divider__svg:last-of-type{flex-grow:0;flex-shrink:100}.elementor-widget-divider--element-align-right .elementor-divider-separator:after{content:none}.elementor-widget-divider--element-align-right .elementor-divider__element{margin-right:0}.elementor-widget-divider:not(.elementor-widget-divider--view-line_text):not(.elementor-widget-divider--view-line_icon) .elementor-divider-separator{border-top:var(--divider-border-width) var(--divider-border-style) var(--divider-color)}.elementor-widget-divider--separator-type-pattern{--divider-border-style:none}.elementor-widget-divider--separator-type-pattern.elementor-widget-divider--view-line .elementor-divider-separator,.elementor-widget-divider--separator-type-pattern:not(.elementor-widget-divider--view-line) .elementor-divider-separator:after,.elementor-widget-divider--separator-type-pattern:not(.elementor-widget-divider--view-line) .elementor-divider-separator:before,.elementor-widget-divider--separator-type-pattern:not([class*=elementor-widget-divider--view]) .elementor-divider-separator{width:100%;min-height:var(--divider-pattern-height);-webkit-mask-size:var(--divider-pattern-size) 100%;mask-size:var(--divider-pattern-size) 100%;-webkit-mask-repeat:var(--divider-pattern-repeat);mask-repeat:var(--divider-pattern-repeat);background-color:var(--divider-color);-webkit-mask-image:var(--divider-pattern-url);mask-image:var(--divider-pattern-url)}.elementor-widget-divider--no-spacing{--divider-pattern-size:auto}.elementor-widget-divider--bg-round{--divider-pattern-repeat:round}.rtl .elementor-widget-divider .elementor-divider__text{direction:rtl}.e-con-inner>.elementor-widget-divider,.e-con>.elementor-widget-divider{width:var(--container-widget-width,100%);--flex-grow:var(--container-widget-flex-grow)}<\/style>\t\t<div class=\"elementor-divider\">\n\t\t\t<span class=\"elementor-divider-separator\">\n\t\t\t\t\t\t<\/span>\n\t\t<\/div>\n\t\t\t\t<\/div>\n\t\t\t\t<\/div>\n\t\t\t\t<div class=\"elementor-element elementor-element-eb17c29 elementor-widget elementor-widget-shortcode\" data-id=\"eb17c29\" data-element_type=\"widget\" data-widget_type=\"shortcode.default\">\n\t\t\t\t<div class=\"elementor-widget-container\">\n\t\t\t\t\t<div class=\"elementor-shortcode\">[formidable id=10]<\/div>\n\t\t\t\t<\/div>\n\t\t\t\t<\/div>\n\t\t\t\t\t<\/div>\n\t\t\t\t<\/div>\n\t\t\t\t\t\t\t<\/div>","protected":false},"excerpt":{"rendered":"<p>[formidable id=10]<\/p>","protected":false},"author":1,"featured_media":0,"parent":0,"menu_order":0,"comment_status":"closed","ping_status":"closed","template":"","meta":{"footnotes":""},"yoast_head":"<!-- This site is optimized with the Yoast SEO plugin v21.7 - https:\/\/yoast.com\/wordpress\/plugins\/seo\/ -->\n<title>Simulation de devis | Carsalis - Location de voiture \u00e0 Agadir<\/title>\n<meta name=\"description\" content=\"Carsalis est une agence de location de voiture \u00e0 Agadir, avec un large choix de voitures \u00e0 louer. Afin de satisfaire les besoins de nos clients, nous proposons des mod\u00e8les adapt\u00e9s \u00e0 tous les budgets.\" \/>\n<meta name=\"robots\" content=\"index, follow, max-snippet:-1, max-image-preview:large, max-video-preview:-1\" \/>\n<link rel=\"canonical\" href=\"http:\/\/www.carsalis.com\/fr\/simulez-votre-devis\/\" \/>\n<meta property=\"og:locale\" content=\"fr_CA\" \/>\n<meta property=\"og:type\" content=\"article\" \/>\n<meta property=\"og:title\" content=\"Simulation de devis | Carsalis - Location de voiture \u00e0 Agadir\" \/>\n<meta property=\"og:description\" content=\"Carsalis est une agence de location de voiture \u00e0 Agadir, avec un large choix de voitures \u00e0 louer. Afin de satisfaire les besoins de nos clients, nous proposons des mod\u00e8les adapt\u00e9s \u00e0 tous les budgets.\" \/>\n<meta property=\"og:url\" content=\"http:\/\/www.carsalis.com\/fr\/simulez-votre-devis\/\" \/>\n<meta property=\"og:site_name\" content=\"Carsalis\" \/>\n<meta property=\"article:modified_time\" content=\"2023-12-11T18:22:35+00:00\" \/>\n<meta name=\"twitter:card\" content=\"summary_large_image\" \/>\n<meta name=\"twitter:label1\" content=\"Estimation du temps de lecture\" \/>\n\t<meta name=\"twitter:data1\" content=\"2 minutes\" \/>\n<script type=\"application\/ld+json\" class=\"yoast-schema-graph\">{\"@context\":\"https:\/\/schema.org\",\"@graph\":[{\"@type\":\"WebPage\",\"@id\":\"https:\/\/www.carsalis.com\/simulez-votre-devis\/\",\"url\":\"https:\/\/www.carsalis.com\/simulez-votre-devis\/\",\"name\":\"Simulation de devis | Carsalis - Location de voiture \u00e0 Agadir\",\"isPartOf\":{\"@id\":\"https:\/\/www.carsalis.com\/#website\"},\"datePublished\":\"2016-02-15T12:53:54+00:00\",\"dateModified\":\"2023-12-11T18:22:35+00:00\",\"description\":\"Carsalis est une agence de location de voiture \u00e0 Agadir, avec un large choix de voitures \u00e0 louer. Afin de satisfaire les besoins de nos clients, nous proposons des mod\u00e8les adapt\u00e9s \u00e0 tous les budgets.\",\"breadcrumb\":{\"@id\":\"https:\/\/www.carsalis.com\/simulez-votre-devis\/#breadcrumb\"},\"inLanguage\":\"fr-CA\",\"potentialAction\":[{\"@type\":\"ReadAction\",\"target\":[\"https:\/\/www.carsalis.com\/simulez-votre-devis\/\"]}]},{\"@type\":\"BreadcrumbList\",\"@id\":\"https:\/\/www.carsalis.com\/simulez-votre-devis\/#breadcrumb\",\"itemListElement\":[{\"@type\":\"ListItem\",\"position\":1,\"name\":\"Accueil\",\"item\":\"https:\/\/www.carsalis.com\/\"},{\"@type\":\"ListItem\",\"position\":2,\"name\":\"Simulation de Devis\"}]},{\"@type\":\"WebSite\",\"@id\":\"https:\/\/www.carsalis.com\/#website\",\"url\":\"https:\/\/www.carsalis.com\/\",\"name\":\"Carsalis\",\"description\":\"Location de voitures\",\"potentialAction\":[{\"@type\":\"SearchAction\",\"target\":{\"@type\":\"EntryPoint\",\"urlTemplate\":\"https:\/\/www.carsalis.com\/?s={search_term_string}\"},\"query-input\":\"required name=search_term_string\"}],\"inLanguage\":\"fr-CA\"}]}<\/script>\n<!-- \/ Yoast SEO plugin. -->","yoast_head_json":{"title":"Simulation de devis | Carsalis - Location de voiture \u00e0 Agadir","description":"Carsalis est une agence de location de voiture \u00e0 Agadir, avec un large choix de voitures \u00e0 louer. Afin de satisfaire les besoins de nos clients, nous proposons des mod\u00e8les adapt\u00e9s \u00e0 tous les budgets.","robots":{"index":"index","follow":"follow","max-snippet":"max-snippet:-1","max-image-preview":"max-image-preview:large","max-video-preview":"max-video-preview:-1"},"canonical":"http:\/\/www.carsalis.com\/fr\/simulez-votre-devis\/","og_locale":"fr_CA","og_type":"article","og_title":"Simulation de devis | Carsalis - Location de voiture \u00e0 Agadir","og_description":"Carsalis est une agence de location de voiture \u00e0 Agadir, avec un large choix de voitures \u00e0 louer. Afin de satisfaire les besoins de nos clients, nous proposons des mod\u00e8les adapt\u00e9s \u00e0 tous les budgets.","og_url":"http:\/\/www.carsalis.com\/fr\/simulez-votre-devis\/","og_site_name":"Carsalis","article_modified_time":"2023-12-11T18:22:35+00:00","twitter_card":"summary_large_image","twitter_misc":{"Estimation du temps de lecture":"2 minutes"},"schema":{"@context":"https:\/\/schema.org","@graph":[{"@type":"WebPage","@id":"https:\/\/www.carsalis.com\/simulez-votre-devis\/","url":"https:\/\/www.carsalis.com\/simulez-votre-devis\/","name":"Simulation de devis | Carsalis - Location de voiture \u00e0 Agadir","isPartOf":{"@id":"https:\/\/www.carsalis.com\/#website"},"datePublished":"2016-02-15T12:53:54+00:00","dateModified":"2023-12-11T18:22:35+00:00","description":"Carsalis est une agence de location de voiture \u00e0 Agadir, avec un large choix de voitures \u00e0 louer. Afin de satisfaire les besoins de nos clients, nous proposons des mod\u00e8les adapt\u00e9s \u00e0 tous les budgets.","breadcrumb":{"@id":"https:\/\/www.carsalis.com\/simulez-votre-devis\/#breadcrumb"},"inLanguage":"fr-CA","potentialAction":[{"@type":"ReadAction","target":["https:\/\/www.carsalis.com\/simulez-votre-devis\/"]}]},{"@type":"BreadcrumbList","@id":"https:\/\/www.carsalis.com\/simulez-votre-devis\/#breadcrumb","itemListElement":[{"@type":"ListItem","position":1,"name":"Accueil","item":"https:\/\/www.carsalis.com\/"},{"@type":"ListItem","position":2,"name":"Simulation de Devis"}]},{"@type":"WebSite","@id":"https:\/\/www.carsalis.com\/#website","url":"https:\/\/www.carsalis.com\/","name":"Carsalis","description":"Location de voitures","potentialAction":[{"@type":"SearchAction","target":{"@type":"EntryPoint","urlTemplate":"https:\/\/www.carsalis.com\/?s={search_term_string}"},"query-input":"required name=search_term_string"}],"inLanguage":"fr-CA"}]}},"jetpack_sharing_enabled":true,"_links":{"self":[{"href":"http:\/\/www.carsalis.com\/fr\/wp-json\/wp\/v2\/pages\/319"}],"collection":[{"href":"http:\/\/www.carsalis.com\/fr\/wp-json\/wp\/v2\/pages"}],"about":[{"href":"http:\/\/www.carsalis.com\/fr\/wp-json\/wp\/v2\/types\/page"}],"author":[{"embeddable":true,"href":"http:\/\/www.carsalis.com\/fr\/wp-json\/wp\/v2\/users\/1"}],"replies":[{"embeddable":true,"href":"http:\/\/www.carsalis.com\/fr\/wp-json\/wp\/v2\/comments?post=319"}],"version-history":[{"count":0,"href":"http:\/\/www.carsalis.com\/fr\/wp-json\/wp\/v2\/pages\/319\/revisions"}],"wp:attachment":[{"href":"http:\/\/www.carsalis.com\/fr\/wp-json\/wp\/v2\/media?parent=319"}],"curies":[{"name":"wp","href":"https:\/\/api.w.org\/{rel}","templated":true}]}}